{"id":125,"date":"2019-02-14T13:30:25","date_gmt":"2019-02-14T13:30:25","guid":{"rendered":"https:\/\/www.pension-duenenhaus.de\/?page_id=125"},"modified":"2025-08-31T09:43:46","modified_gmt":"2025-08-31T09:43:46","slug":"ferienwohnung-typ-1","status":"publish","type":"page","link":"https:\/\/www.pension-duenenhaus.de\/?page_id=125","title":{"rendered":"Ferienwohnung Typ 1 (101, 105)"},"content":{"rendered":"<p style=\"text-align: center;\">Etage 1 &#8211; 32 m\u00b2 f\u00fcr 1 &#8211; 2 Personen<\/p>\n<p><strong>Beschreibung\u00a0<\/strong><\/p>\n<p>Dieses Apartment verf\u00fcgt \u00fcber einen Balkon, eine K\u00fcche, ein kombiniertes Wohn- und Schlafzimmer sowie ein eigenes Bad mit einer Dusche.<\/p>\n<p><strong>Ausstattung<\/strong><\/p>\n<ul>\n<li>Wohn\/Schlafzimmer mit Doppelbett, Tarkettboden, Kleiderschrank, Schreibtisch, Flachbild-TV, Tisch, 2 St\u00fchle<\/li>\n<li>K\u00fcche mit K\u00fcchenzeile (K\u00fchlschrank, Mikrowelle, 4 Herdplatten, Backofen, Kaffeemaschine, Wasserkocher, Toaster, Geschirr, Besteck, Kochutensilien), Fliesenboden, Esstisch, 2 St\u00fchle, Schrank (Putzutensilien)<\/li>\n<li>Badezimmer mit Dusche (Duschvorhang)\/WC, Haartrockner, Toilettenpapier, Handt\u00fccher, Duschvorleger<\/li>\n<li>Balkon mit 1 Tisch, 2 St\u00fchle, W\u00e4schest\u00e4nder<\/li>\n<\/ul>\n<p><strong>Preise pro Tag<\/strong><\/p>\n<table>\n<tbody>\n<tr>\n<th>\u00a0<\/th>\n<th>Zwischensaison<\/th>\n<th>Nachsaison<\/th>\n<th>Hauptsaison<\/th>\n<\/tr>\n<tr>\n<th>\u00a0<\/th>\n<th>01.09.25 &#8211; 14.09.25<\/th>\n<th>15.09.25 &#8211; 21.12.25<\/th>\n<th>\n<p>22.12.25 &#8211; 04.01.26<\/p>\n<\/th>\n<\/tr>\n<tr>\n<th>2 Personen<\/th>\n<th>90\u20ac<\/th>\n<th>80\u20ac<\/th>\n<th>110\u20ac<\/th>\n<\/tr>\n<tr>\n<th>1 Person<\/th>\n<th>75\u20ac<\/th>\n<th>65\u20ac<\/th>\n<th>95\u20ac<\/th>\n<\/tr>\n<\/tbody>\n<\/table>\n<p><strong>Buchungsinformationen<\/strong><\/p>\n<ul>\n<li>Check-In ab 14.00 Uhr bis max. 18.00 Uhr, Check-Out bis 11.00 Uhr<\/li>\n<li>Endreinigung 60\u20ac<\/li>\n<li>Kurtaxe 01.01. &#8211; 31.03. 3,05\u20ac, 01.04. &#8211; 31.10. 3,65\u20ac, 01.11. &#8211; 31.12. 3,25\u20ac; Kinder bis 5 Jahre sind von der Kurabgabe befreit <a href=\"https:\/\/www.amtusedom.de\/wp-content\/uploads\/2024\/12\/Zempin-Kurabgabesatzung-2025-VOe.pdf\" target=\"_blank\" rel=\"noopener\">(siehe Kurabgabe Usedomer Bernsteinb\u00e4der, Stand 12\/2024)<\/a><\/li>\n<li>Zahlungsbedingungen: 30% Anzahlung bei Buchung (f\u00e4llig innerhalb 14 Tagen), Restzahlung 70% bei Anreise in bar oder per \u00dcberweisung mind. 14 Tage vor Anreise<\/li>\n<\/ul>\n\n<div class=\"wp-block-image\">\n<figure class=\"aligncenter size-large\"><img loading=\"lazy\" decoding=\"async\" width=\"1024\" height=\"768\" src=\"https:\/\/www.pension-duenenhaus.de\/wp-content\/uploads\/2023\/09\/101WZ3-1024x768.jpg\" alt=\"\" class=\"wp-image-1468\" srcset=\"https:\/\/www.pension-duenenhaus.de\/wp-content\/uploads\/2023\/09\/101WZ3-1024x768.jpg 1024w, https:\/\/www.pension-duenenhaus.de\/wp-content\/uploads\/2023\/09\/101WZ3-300x225.jpg 300w, https:\/\/www.pension-duenenhaus.de\/wp-content\/uploads\/2023\/09\/101WZ3-768x576.jpg 768w, https:\/\/www.pension-duenenhaus.de\/wp-content\/uploads\/2023\/09\/101WZ3-1536x1152.jpg 1536w, https:\/\/www.pension-duenenhaus.de\/wp-content\/uploads\/2023\/09\/101WZ3-2048x1536.jpg 2048w, https:\/\/www.pension-duenenhaus.de\/wp-content\/uploads\/2023\/09\/101WZ3-648x486.jpg 648w, https:\/\/www.pension-duenenhaus.de\/wp-content\/uploads\/2023\/09\/101WZ3-256x192.jpg 256w\" sizes=\"auto, (max-width: 1024px) 100vw, 1024px\" \/><figcaption class=\"wp-element-caption\">Wohn-\/Schlafzimmer (Ferienwohnung 101)<\/figcaption><\/figure><\/div>\n\n<div class=\"wp-block-image\">\n<figure class=\"aligncenter size-large\"><img loading=\"lazy\" decoding=\"async\" width=\"1024\" height=\"768\" src=\"https:\/\/www.pension-duenenhaus.de\/wp-content\/uploads\/2023\/09\/101WZ2-1-1024x768.jpg\" alt=\"\" class=\"wp-image-1469\" srcset=\"https:\/\/www.pension-duenenhaus.de\/wp-content\/uploads\/2023\/09\/101WZ2-1-1024x768.jpg 1024w, https:\/\/www.pension-duenenhaus.de\/wp-content\/uploads\/2023\/09\/101WZ2-1-300x225.jpg 300w, https:\/\/www.pension-duenenhaus.de\/wp-content\/uploads\/2023\/09\/101WZ2-1-768x576.jpg 768w, https:\/\/www.pension-duenenhaus.de\/wp-content\/uploads\/2023\/09\/101WZ2-1-1536x1152.jpg 1536w, https:\/\/www.pension-duenenhaus.de\/wp-content\/uploads\/2023\/09\/101WZ2-1-2048x1536.jpg 2048w, https:\/\/www.pension-duenenhaus.de\/wp-content\/uploads\/2023\/09\/101WZ2-1-648x486.jpg 648w, https:\/\/www.pension-duenenhaus.de\/wp-content\/uploads\/2023\/09\/101WZ2-1-256x192.jpg 256w\" sizes=\"auto, (max-width: 1024px) 100vw, 1024px\" \/><figcaption class=\"wp-element-caption\">Wohn-\/Schlafzimmer (Ferienwohnung 101)<\/figcaption><\/figure><\/div>\n\n<div class=\"wp-block-image\">\n<figure class=\"aligncenter size-large\"><img loading=\"lazy\" decoding=\"async\" width=\"1024\" height=\"768\" src=\"https:\/\/www.pension-duenenhaus.de\/wp-content\/uploads\/2023\/09\/101WZ1-1024x768.jpg\" alt=\"\" class=\"wp-image-1466\" srcset=\"https:\/\/www.pension-duenenhaus.de\/wp-content\/uploads\/2023\/09\/101WZ1-1024x768.jpg 1024w, https:\/\/www.pension-duenenhaus.de\/wp-content\/uploads\/2023\/09\/101WZ1-300x225.jpg 300w, https:\/\/www.pension-duenenhaus.de\/wp-content\/uploads\/2023\/09\/101WZ1-768x576.jpg 768w, https:\/\/www.pension-duenenhaus.de\/wp-content\/uploads\/2023\/09\/101WZ1-1536x1152.jpg 1536w, https:\/\/www.pension-duenenhaus.de\/wp-content\/uploads\/2023\/09\/101WZ1-2048x1536.jpg 2048w, https:\/\/www.pension-duenenhaus.de\/wp-content\/uploads\/2023\/09\/101WZ1-648x486.jpg 648w, https:\/\/www.pension-duenenhaus.de\/wp-content\/uploads\/2023\/09\/101WZ1-256x192.jpg 256w\" sizes=\"auto, (max-width: 1024px) 100vw, 1024px\" \/><figcaption class=\"wp-element-caption\">Wohn-\/Schlafzimmer (Ferienwohnung 101)<\/figcaption><\/figure><\/div>\n\n<div class=\"wp-block-image\">\n<figure class=\"aligncenter size-large\"><img loading=\"lazy\" decoding=\"async\" width=\"1024\" height=\"768\" src=\"https:\/\/www.pension-duenenhaus.de\/wp-content\/uploads\/2023\/09\/101K2-1024x768.jpg\" alt=\"\" class=\"wp-image-1465\" srcset=\"https:\/\/www.pension-duenenhaus.de\/wp-content\/uploads\/2023\/09\/101K2-1024x768.jpg 1024w, https:\/\/www.pension-duenenhaus.de\/wp-content\/uploads\/2023\/09\/101K2-300x225.jpg 300w, https:\/\/www.pension-duenenhaus.de\/wp-content\/uploads\/2023\/09\/101K2-768x576.jpg 768w, https:\/\/www.pension-duenenhaus.de\/wp-content\/uploads\/2023\/09\/101K2-1536x1152.jpg 1536w, https:\/\/www.pension-duenenhaus.de\/wp-content\/uploads\/2023\/09\/101K2-2048x1536.jpg 2048w, https:\/\/www.pension-duenenhaus.de\/wp-content\/uploads\/2023\/09\/101K2-648x486.jpg 648w, https:\/\/www.pension-duenenhaus.de\/wp-content\/uploads\/2023\/09\/101K2-256x192.jpg 256w\" sizes=\"auto, (max-width: 1024px) 100vw, 1024px\" \/><figcaption class=\"wp-element-caption\">K\u00fcche (Ferienwohnung 101)<\/figcaption><\/figure><\/div>\n\n<div class=\"wp-block-image\">\n<figure class=\"aligncenter size-large\"><img loading=\"lazy\" decoding=\"async\" width=\"1024\" height=\"768\" src=\"https:\/\/www.pension-duenenhaus.de\/wp-content\/uploads\/2023\/09\/101K1-1024x768.jpg\" alt=\"\" class=\"wp-image-1464\" srcset=\"https:\/\/www.pension-duenenhaus.de\/wp-content\/uploads\/2023\/09\/101K1-1024x768.jpg 1024w, https:\/\/www.pension-duenenhaus.de\/wp-content\/uploads\/2023\/09\/101K1-300x225.jpg 300w, https:\/\/www.pension-duenenhaus.de\/wp-content\/uploads\/2023\/09\/101K1-768x576.jpg 768w, https:\/\/www.pension-duenenhaus.de\/wp-content\/uploads\/2023\/09\/101K1-1536x1152.jpg 1536w, https:\/\/www.pension-duenenhaus.de\/wp-content\/uploads\/2023\/09\/101K1-2048x1536.jpg 2048w, https:\/\/www.pension-duenenhaus.de\/wp-content\/uploads\/2023\/09\/101K1-648x486.jpg 648w, https:\/\/www.pension-duenenhaus.de\/wp-content\/uploads\/2023\/09\/101K1-256x192.jpg 256w\" sizes=\"auto, (max-width: 1024px) 100vw, 1024px\" \/><figcaption class=\"wp-element-caption\">K\u00fcche (Ferienwohnung 101)<\/figcaption><\/figure><\/div>\n\n<div class=\"wp-block-image\">\n<figure class=\"aligncenter size-large\"><img loading=\"lazy\" decoding=\"async\" width=\"1024\" height=\"768\" src=\"https:\/\/www.pension-duenenhaus.de\/wp-content\/uploads\/2023\/09\/101Bad-1024x768.jpg\" alt=\"\" class=\"wp-image-1463\" srcset=\"https:\/\/www.pension-duenenhaus.de\/wp-content\/uploads\/2023\/09\/101Bad-1024x768.jpg 1024w, https:\/\/www.pension-duenenhaus.de\/wp-content\/uploads\/2023\/09\/101Bad-300x225.jpg 300w, https:\/\/www.pension-duenenhaus.de\/wp-content\/uploads\/2023\/09\/101Bad-768x576.jpg 768w, https:\/\/www.pension-duenenhaus.de\/wp-content\/uploads\/2023\/09\/101Bad-1536x1152.jpg 1536w, https:\/\/www.pension-duenenhaus.de\/wp-content\/uploads\/2023\/09\/101Bad-2048x1536.jpg 2048w, https:\/\/www.pension-duenenhaus.de\/wp-content\/uploads\/2023\/09\/101Bad-648x486.jpg 648w, https:\/\/www.pension-duenenhaus.de\/wp-content\/uploads\/2023\/09\/101Bad-256x192.jpg 256w\" sizes=\"auto, (max-width: 1024px) 100vw, 1024px\" \/><figcaption class=\"wp-element-caption\">Badezimmer (Ferienwohnung 101)<\/figcaption><\/figure><\/div>\n\n<div class=\"wp-block-image\">\n<figure class=\"aligncenter size-large\"><img loading=\"lazy\" decoding=\"async\" width=\"768\" height=\"1024\" src=\"https:\/\/www.pension-duenenhaus.de\/wp-content\/uploads\/2023\/09\/101Flur-768x1024.jpg\" alt=\"\" class=\"wp-image-1461\" srcset=\"https:\/\/www.pension-duenenhaus.de\/wp-content\/uploads\/2023\/09\/101Flur-768x1024.jpg 768w, https:\/\/www.pension-duenenhaus.de\/wp-content\/uploads\/2023\/09\/101Flur-225x300.jpg 225w, https:\/\/www.pension-duenenhaus.de\/wp-content\/uploads\/2023\/09\/101Flur-1152x1536.jpg 1152w, https:\/\/www.pension-duenenhaus.de\/wp-content\/uploads\/2023\/09\/101Flur-1536x2048.jpg 1536w, https:\/\/www.pension-duenenhaus.de\/wp-content\/uploads\/2023\/09\/101Flur-648x864.jpg 648w, https:\/\/www.pension-duenenhaus.de\/wp-content\/uploads\/2023\/09\/101Flur-144x192.jpg 144w, https:\/\/www.pension-duenenhaus.de\/wp-content\/uploads\/2023\/09\/101Flur-scaled.jpg 1920w\" sizes=\"auto, (max-width: 768px) 100vw, 768px\" \/><figcaption class=\"wp-element-caption\">Flur (Ferienwohnung 101)<\/figcaption><\/figure><\/div>\n\n<div class=\"wp-block-image\">\n<figure class=\"aligncenter\"><img loading=\"lazy\" decoding=\"async\" width=\"726\" height=\"306\" src=\"https:\/\/www.pension-duenenhaus.de\/wp-content\/uploads\/2019\/03\/gr_typ1_Buchstaben.jpg\" alt=\"\" class=\"wp-image-564\" srcset=\"https:\/\/www.pension-duenenhaus.de\/wp-content\/uploads\/2019\/03\/gr_typ1_Buchstaben.jpg 726w, https:\/\/www.pension-duenenhaus.de\/wp-content\/uploads\/2019\/03\/gr_typ1_Buchstaben-300x126.jpg 300w, https:\/\/www.pension-duenenhaus.de\/wp-content\/uploads\/2019\/03\/gr_typ1_Buchstaben-648x273.jpg 648w, https:\/\/www.pension-duenenhaus.de\/wp-content\/uploads\/2019\/03\/gr_typ1_Buchstaben-456x192.jpg 456w\" sizes=\"auto, (max-width: 726px) 100vw, 726px\" \/><figcaption class=\"wp-element-caption\">Grundriss<\/figcaption><\/figure><\/div>\n\n<p><a href=\"https:\/\/www.pension-duenenhaus.de\/?page_id=117\">Zur\u00fcck<\/a><\/p>","protected":false},"excerpt":{"rendered":"<p>Etage 1 &#8211; 32 m\u00b2 f\u00fcr 1 &#8211; 2 Personen Beschreibung\u00a0 Dieses Apartment verf\u00fcgt \u00fcber einen Balkon, eine K\u00fcche, ein kombiniertes Wohn- und Schlafzimmer sowie ein eigenes Bad mit einer Dusche. Ausstattung Wohn\/Schlafzimmer mit Doppelbett, Tarkettboden, Kleiderschrank, Schreibtisch, Flachbild-TV, Tisch, 2 St\u00fchle K\u00fcche mit K\u00fcchenzeile (K\u00fchlschrank, Mikrowelle, 4 Herdplatten, Backofen, Kaffeemaschine, Wasserkocher, Toaster, Geschirr, Besteck, &hellip; <a href=\"https:\/\/www.pension-duenenhaus.de\/?page_id=125\" class=\"more-link\"><span class=\"screen-reader-text\">Ferienwohnung Typ 1 (101, 105)<\/span> weiterlesen<\/a><\/p>\n","protected":false},"author":1,"featured_media":1468,"parent":0,"menu_order":0,"comment_status":"closed","ping_status":"closed","template":"page-templates\/grid-page.php","meta":{"footnotes":""},"class_list":["post-125","page","type-page","status-publish","has-post-thumbnail","hentry"],"_links":{"self":[{"href":"https:\/\/www.pension-duenenhaus.de\/index.php?rest_route=\/wp\/v2\/pages\/125","targetHints":{"allow":["GET"]}}],"collection":[{"href":"https:\/\/www.pension-duenenhaus.de\/index.php?rest_route=\/wp\/v2\/pages"}],"about":[{"href":"https:\/\/www.pension-duenenhaus.de\/index.php?rest_route=\/wp\/v2\/types\/page"}],"author":[{"embeddable":true,"href":"https:\/\/www.pension-duenenhaus.de\/index.php?rest_route=\/wp\/v2\/users\/1"}],"replies":[{"embeddable":true,"href":"https:\/\/www.pension-duenenhaus.de\/index.php?rest_route=%2Fwp%2Fv2%2Fcomments&post=125"}],"version-history":[{"count":66,"href":"https:\/\/www.pension-duenenhaus.de\/index.php?rest_route=\/wp\/v2\/pages\/125\/revisions"}],"predecessor-version":[{"id":1811,"href":"https:\/\/www.pension-duenenhaus.de\/index.php?rest_route=\/wp\/v2\/pages\/125\/revisions\/1811"}],"wp:featuredmedia":[{"embeddable":true,"href":"https:\/\/www.pension-duenenhaus.de\/index.php?rest_route=\/wp\/v2\/media\/1468"}],"wp:attachment":[{"href":"https:\/\/www.pension-duenenhaus.de\/index.php?rest_route=%2Fwp%2Fv2%2Fmedia&parent=125"}],"curies":[{"name":"wp","href":"https:\/\/api.w.org\/{rel}","templated":true}]}}