{"id":247,"date":"2019-02-18T10:47:13","date_gmt":"2019-02-18T10:47:13","guid":{"rendered":"https:\/\/www.pension-duenenhaus.de\/?page_id=247"},"modified":"2025-08-31T09:42:47","modified_gmt":"2025-08-31T09:42:47","slug":"ferienwohnung-typ-ii","status":"publish","type":"page","link":"https:\/\/www.pension-duenenhaus.de\/?page_id=247","title":{"rendered":"Ferienwohnung Typ 2 (102)"},"content":{"rendered":"\n<p>Etage 1 &#8211; 65 m\u00b2 f\u00fcr 2 &#8211; 4 Personen<\/p>\n\n\n\n<p><strong>Beschreibung<\/strong> <\/p>\n\n\n\n<p>Dieses Apartment verf\u00fcgt \u00fcber eine K\u00fcche, ein Wohnzimmer, ein Schlafzimmer mit Doppelbett, ein Schlafzimmer mit zwei Schlasofas, ein Badezimmer mit Dusche sowie zwei Balkonen.<\/p>\n\n\n\n<p><strong>Ausstattung<\/strong><\/p>\n\n\n\n<ul class=\"wp-block-list\">\n<li>Wohnzimmer mit Couch, Tarkettboden, Tisch, Flachbild-TV, Anrichte, Esstisch mit 4 St\u00fchlen<\/li>\n\n\n\n<li>Schlafzimmer mit Doppelbett, Tarkettboden, Kleiderschrank, 2 St\u00fchle<\/li>\n\n\n\n<li>Schlafzimmer mit 2 Schlafsofas, Tarkettboden, Kleiderschrank, Tisch, 4 St\u00fchle<\/li>\n\n\n\n<li>K\u00fcche mit K\u00fcchenzeile (K\u00fchlschrank, Mikrowelle, 4 Herdplatten, Backofen, Kaffeemaschine, Wasserkocher, Toaster, Geschirr, Besteck, Kochutensilien), Fliesenboden, Schrank (Putzutensilien)<\/li>\n\n\n\n<li>Badezimmer mit Dusche (Duschvorhang)\/WC, Haartrockner, Toilettenpapier, Handt\u00fccher, Duschvorleger<\/li>\n\n\n\n<li>2 Balkone mit 1 Tisch, 2 St\u00fchle, W\u00e4schest\u00e4nder<\/li>\n<\/ul>\n\n\n\n<p><strong>Preise pro Tag<\/strong><\/p>\n\n\n\n<figure class=\"wp-block-table is-style-regular\"><table><tbody><tr><th>&nbsp;<\/th><th>Zwischensaison<\/th><th>Nachsaison<\/th><th>Hauptsaison<\/th><\/tr><tr><th>&nbsp;<\/th><th>01.09.25 &#8211; 14.09.25<\/th><th>15.09.25 &#8211; 21.12.25<\/th><th>22.12.25 &#8211; 04.01.26<\/th><\/tr><tr><th>4 Personen<\/th><th>145\u20ac<\/th><th>130\u20ac<\/th><th>165\u20ac<\/th><\/tr><tr><th>3 Personen<\/th><th>135\u20ac<\/th><th>110\u20ac<\/th><th>155\u20ac<\/th><\/tr><tr><th>2 Personen<\/th><th>120\u20ac<\/th><th>95\u20ac<\/th><th>140\u20ac<\/th><\/tr><\/tbody><\/table><\/figure>\n\n\n\n<p><strong>Buchungsinformationen<\/strong><\/p>\n\n\n\n<ul class=\"wp-block-list\">\n<li>Check-In ab 14.00 Uhr bis max. 18.00 Uhr, Check-Out bis 11.00 Uhr<\/li>\n\n\n\n<li>Endreinigung 60\u20ac<\/li>\n\n\n\n<li>Kurtaxe 01.01. &#8211; 31.03. 3,05\u20ac, 01.04. &#8211; 31.10. 3,65\u20ac, 01.11. &#8211; 31.12. 3,25\u20ac; Kinder bis 5 Jahre sind von der Kurabgabe befreit <a href=\"https:\/\/www.amtusedom.de\/wp-content\/uploads\/2024\/12\/Zempin-Kurabgabesatzung-2025-VOe.pdf\" target=\"_blank\" rel=\"noreferrer noopener\">(siehe Kurabgabe Usedomer Bernsteinb\u00e4der, Stand 12\/2024)<\/a><\/li>\n\n\n\n<li>Zahlungsbedingungen: 30% Anzahlung bei Buchung (f\u00e4llig innerhalb 14 Tagen), Restzahlung 70% bei Anreise in bar oder per \u00dcberweisung 14 Tage vor Anreise<\/li>\n<\/ul>\n\n\n<div class=\"wp-block-image\">\n<figure class=\"aligncenter size-large\"><img loading=\"lazy\" decoding=\"async\" width=\"1024\" height=\"768\" src=\"https:\/\/www.pension-duenenhaus.de\/wp-content\/uploads\/2023\/09\/102WZ3-1024x768.jpg\" alt=\"\" class=\"wp-image-1496\" srcset=\"https:\/\/www.pension-duenenhaus.de\/wp-content\/uploads\/2023\/09\/102WZ3-1024x768.jpg 1024w, https:\/\/www.pension-duenenhaus.de\/wp-content\/uploads\/2023\/09\/102WZ3-300x225.jpg 300w, https:\/\/www.pension-duenenhaus.de\/wp-content\/uploads\/2023\/09\/102WZ3-768x576.jpg 768w, https:\/\/www.pension-duenenhaus.de\/wp-content\/uploads\/2023\/09\/102WZ3-1536x1152.jpg 1536w, https:\/\/www.pension-duenenhaus.de\/wp-content\/uploads\/2023\/09\/102WZ3-2048x1536.jpg 2048w, https:\/\/www.pension-duenenhaus.de\/wp-content\/uploads\/2023\/09\/102WZ3-648x486.jpg 648w, https:\/\/www.pension-duenenhaus.de\/wp-content\/uploads\/2023\/09\/102WZ3-256x192.jpg 256w\" sizes=\"auto, (max-width: 1024px) 100vw, 1024px\" \/><figcaption class=\"wp-element-caption\">Wohnzimmer (Ferienwohnung 102)<\/figcaption><\/figure><\/div>\n\n<div class=\"wp-block-image\">\n<figure class=\"aligncenter size-large\"><img loading=\"lazy\" decoding=\"async\" width=\"1024\" height=\"768\" src=\"https:\/\/www.pension-duenenhaus.de\/wp-content\/uploads\/2023\/09\/102WZ2-1024x768.jpg\" alt=\"\" class=\"wp-image-1498\" srcset=\"https:\/\/www.pension-duenenhaus.de\/wp-content\/uploads\/2023\/09\/102WZ2-1024x768.jpg 1024w, https:\/\/www.pension-duenenhaus.de\/wp-content\/uploads\/2023\/09\/102WZ2-300x225.jpg 300w, https:\/\/www.pension-duenenhaus.de\/wp-content\/uploads\/2023\/09\/102WZ2-768x576.jpg 768w, https:\/\/www.pension-duenenhaus.de\/wp-content\/uploads\/2023\/09\/102WZ2-1536x1152.jpg 1536w, https:\/\/www.pension-duenenhaus.de\/wp-content\/uploads\/2023\/09\/102WZ2-2048x1536.jpg 2048w, https:\/\/www.pension-duenenhaus.de\/wp-content\/uploads\/2023\/09\/102WZ2-648x486.jpg 648w, https:\/\/www.pension-duenenhaus.de\/wp-content\/uploads\/2023\/09\/102WZ2-256x192.jpg 256w\" sizes=\"auto, (max-width: 1024px) 100vw, 1024px\" \/><figcaption class=\"wp-element-caption\">Wohnzimmer (Ferienwohnung 102)<\/figcaption><\/figure><\/div>\n\n<div class=\"wp-block-image\">\n<figure class=\"aligncenter size-large\"><img loading=\"lazy\" decoding=\"async\" width=\"1024\" height=\"768\" src=\"https:\/\/www.pension-duenenhaus.de\/wp-content\/uploads\/2023\/09\/102SZ2-1024x768.jpg\" alt=\"\" class=\"wp-image-1499\" srcset=\"https:\/\/www.pension-duenenhaus.de\/wp-content\/uploads\/2023\/09\/102SZ2-1024x768.jpg 1024w, https:\/\/www.pension-duenenhaus.de\/wp-content\/uploads\/2023\/09\/102SZ2-300x225.jpg 300w, https:\/\/www.pension-duenenhaus.de\/wp-content\/uploads\/2023\/09\/102SZ2-768x576.jpg 768w, https:\/\/www.pension-duenenhaus.de\/wp-content\/uploads\/2023\/09\/102SZ2-1536x1152.jpg 1536w, https:\/\/www.pension-duenenhaus.de\/wp-content\/uploads\/2023\/09\/102SZ2-2048x1536.jpg 2048w, https:\/\/www.pension-duenenhaus.de\/wp-content\/uploads\/2023\/09\/102SZ2-648x486.jpg 648w, https:\/\/www.pension-duenenhaus.de\/wp-content\/uploads\/2023\/09\/102SZ2-256x192.jpg 256w\" sizes=\"auto, (max-width: 1024px) 100vw, 1024px\" \/><figcaption class=\"wp-element-caption\">Schlafzimmer (Ferienwohnung 102)<\/figcaption><\/figure><\/div>\n\n<div class=\"wp-block-image\">\n<figure class=\"aligncenter size-large\"><img loading=\"lazy\" decoding=\"async\" width=\"1024\" height=\"768\" src=\"https:\/\/www.pension-duenenhaus.de\/wp-content\/uploads\/2023\/09\/102SZ1-1024x768.jpg\" alt=\"\" class=\"wp-image-1500\" srcset=\"https:\/\/www.pension-duenenhaus.de\/wp-content\/uploads\/2023\/09\/102SZ1-1024x768.jpg 1024w, https:\/\/www.pension-duenenhaus.de\/wp-content\/uploads\/2023\/09\/102SZ1-300x225.jpg 300w, https:\/\/www.pension-duenenhaus.de\/wp-content\/uploads\/2023\/09\/102SZ1-768x576.jpg 768w, https:\/\/www.pension-duenenhaus.de\/wp-content\/uploads\/2023\/09\/102SZ1-1536x1152.jpg 1536w, https:\/\/www.pension-duenenhaus.de\/wp-content\/uploads\/2023\/09\/102SZ1-2048x1536.jpg 2048w, https:\/\/www.pension-duenenhaus.de\/wp-content\/uploads\/2023\/09\/102SZ1-648x486.jpg 648w, https:\/\/www.pension-duenenhaus.de\/wp-content\/uploads\/2023\/09\/102SZ1-256x192.jpg 256w\" sizes=\"auto, (max-width: 1024px) 100vw, 1024px\" \/><figcaption class=\"wp-element-caption\">Schlafzimmer (Ferienwohnung 102)<\/figcaption><\/figure><\/div>\n\n<div class=\"wp-block-image\">\n<figure class=\"aligncenter size-large\"><img loading=\"lazy\" decoding=\"async\" width=\"1024\" height=\"768\" src=\"https:\/\/www.pension-duenenhaus.de\/wp-content\/uploads\/2023\/09\/102KZ2-1024x768.jpg\" alt=\"\" class=\"wp-image-1501\" srcset=\"https:\/\/www.pension-duenenhaus.de\/wp-content\/uploads\/2023\/09\/102KZ2-1024x768.jpg 1024w, https:\/\/www.pension-duenenhaus.de\/wp-content\/uploads\/2023\/09\/102KZ2-300x225.jpg 300w, https:\/\/www.pension-duenenhaus.de\/wp-content\/uploads\/2023\/09\/102KZ2-768x576.jpg 768w, https:\/\/www.pension-duenenhaus.de\/wp-content\/uploads\/2023\/09\/102KZ2-1536x1152.jpg 1536w, https:\/\/www.pension-duenenhaus.de\/wp-content\/uploads\/2023\/09\/102KZ2-2048x1536.jpg 2048w, https:\/\/www.pension-duenenhaus.de\/wp-content\/uploads\/2023\/09\/102KZ2-648x486.jpg 648w, https:\/\/www.pension-duenenhaus.de\/wp-content\/uploads\/2023\/09\/102KZ2-256x192.jpg 256w\" sizes=\"auto, (max-width: 1024px) 100vw, 1024px\" \/><figcaption class=\"wp-element-caption\">Schlafzimmer (Ferienwohnung 102)<\/figcaption><\/figure><\/div>\n\n<div class=\"wp-block-image\">\n<figure class=\"aligncenter size-large\"><img loading=\"lazy\" decoding=\"async\" width=\"1024\" height=\"768\" src=\"https:\/\/www.pension-duenenhaus.de\/wp-content\/uploads\/2023\/09\/102KZ1-1024x768.jpg\" alt=\"\" class=\"wp-image-1502\" srcset=\"https:\/\/www.pension-duenenhaus.de\/wp-content\/uploads\/2023\/09\/102KZ1-1024x768.jpg 1024w, https:\/\/www.pension-duenenhaus.de\/wp-content\/uploads\/2023\/09\/102KZ1-300x225.jpg 300w, https:\/\/www.pension-duenenhaus.de\/wp-content\/uploads\/2023\/09\/102KZ1-768x576.jpg 768w, https:\/\/www.pension-duenenhaus.de\/wp-content\/uploads\/2023\/09\/102KZ1-1536x1152.jpg 1536w, https:\/\/www.pension-duenenhaus.de\/wp-content\/uploads\/2023\/09\/102KZ1-2048x1536.jpg 2048w, https:\/\/www.pension-duenenhaus.de\/wp-content\/uploads\/2023\/09\/102KZ1-648x486.jpg 648w, https:\/\/www.pension-duenenhaus.de\/wp-content\/uploads\/2023\/09\/102KZ1-256x192.jpg 256w\" sizes=\"auto, (max-width: 1024px) 100vw, 1024px\" \/><figcaption class=\"wp-element-caption\">Schlafzimmer (Ferienwohnung 102)<\/figcaption><\/figure><\/div>\n\n<div class=\"wp-block-image\">\n<figure class=\"aligncenter size-large\"><img loading=\"lazy\" decoding=\"async\" width=\"1024\" height=\"768\" src=\"https:\/\/www.pension-duenenhaus.de\/wp-content\/uploads\/2023\/09\/102K2-1024x768.jpg\" alt=\"\" class=\"wp-image-1503\" srcset=\"https:\/\/www.pension-duenenhaus.de\/wp-content\/uploads\/2023\/09\/102K2-1024x768.jpg 1024w, https:\/\/www.pension-duenenhaus.de\/wp-content\/uploads\/2023\/09\/102K2-300x225.jpg 300w, https:\/\/www.pension-duenenhaus.de\/wp-content\/uploads\/2023\/09\/102K2-768x576.jpg 768w, https:\/\/www.pension-duenenhaus.de\/wp-content\/uploads\/2023\/09\/102K2-1536x1152.jpg 1536w, https:\/\/www.pension-duenenhaus.de\/wp-content\/uploads\/2023\/09\/102K2-2048x1536.jpg 2048w, https:\/\/www.pension-duenenhaus.de\/wp-content\/uploads\/2023\/09\/102K2-648x486.jpg 648w, https:\/\/www.pension-duenenhaus.de\/wp-content\/uploads\/2023\/09\/102K2-256x192.jpg 256w\" sizes=\"auto, (max-width: 1024px) 100vw, 1024px\" \/><figcaption class=\"wp-element-caption\">K\u00fcche (Ferienwohnung 102)<\/figcaption><\/figure><\/div>\n\n<div class=\"wp-block-image\">\n<figure class=\"aligncenter size-large\"><img loading=\"lazy\" decoding=\"async\" width=\"1024\" height=\"768\" src=\"https:\/\/www.pension-duenenhaus.de\/wp-content\/uploads\/2023\/09\/102K1-1024x768.jpg\" alt=\"\" class=\"wp-image-1504\" srcset=\"https:\/\/www.pension-duenenhaus.de\/wp-content\/uploads\/2023\/09\/102K1-1024x768.jpg 1024w, https:\/\/www.pension-duenenhaus.de\/wp-content\/uploads\/2023\/09\/102K1-300x225.jpg 300w, https:\/\/www.pension-duenenhaus.de\/wp-content\/uploads\/2023\/09\/102K1-768x576.jpg 768w, https:\/\/www.pension-duenenhaus.de\/wp-content\/uploads\/2023\/09\/102K1-1536x1152.jpg 1536w, https:\/\/www.pension-duenenhaus.de\/wp-content\/uploads\/2023\/09\/102K1-2048x1536.jpg 2048w, https:\/\/www.pension-duenenhaus.de\/wp-content\/uploads\/2023\/09\/102K1-648x486.jpg 648w, https:\/\/www.pension-duenenhaus.de\/wp-content\/uploads\/2023\/09\/102K1-256x192.jpg 256w\" sizes=\"auto, (max-width: 1024px) 100vw, 1024px\" \/><figcaption class=\"wp-element-caption\">K\u00fcche (Ferienwohnung 102)<\/figcaption><\/figure><\/div>\n\n<div class=\"wp-block-image\">\n<figure class=\"aligncenter size-large\"><img loading=\"lazy\" decoding=\"async\" width=\"1024\" height=\"768\" src=\"https:\/\/www.pension-duenenhaus.de\/wp-content\/uploads\/2023\/09\/102Bad-1024x768.jpg\" alt=\"\" class=\"wp-image-1505\" srcset=\"https:\/\/www.pension-duenenhaus.de\/wp-content\/uploads\/2023\/09\/102Bad-1024x768.jpg 1024w, https:\/\/www.pension-duenenhaus.de\/wp-content\/uploads\/2023\/09\/102Bad-300x225.jpg 300w, https:\/\/www.pension-duenenhaus.de\/wp-content\/uploads\/2023\/09\/102Bad-768x576.jpg 768w, https:\/\/www.pension-duenenhaus.de\/wp-content\/uploads\/2023\/09\/102Bad-1536x1152.jpg 1536w, https:\/\/www.pension-duenenhaus.de\/wp-content\/uploads\/2023\/09\/102Bad-2048x1536.jpg 2048w, https:\/\/www.pension-duenenhaus.de\/wp-content\/uploads\/2023\/09\/102Bad-648x486.jpg 648w, https:\/\/www.pension-duenenhaus.de\/wp-content\/uploads\/2023\/09\/102Bad-256x192.jpg 256w\" sizes=\"auto, (max-width: 1024px) 100vw, 1024px\" \/><figcaption class=\"wp-element-caption\">Badezimmer (Ferienwohnung 102)<\/figcaption><\/figure><\/div>\n\n<div class=\"wp-block-image\">\n<figure class=\"aligncenter size-large\"><img loading=\"lazy\" decoding=\"async\" width=\"768\" height=\"1024\" src=\"https:\/\/www.pension-duenenhaus.de\/wp-content\/uploads\/2023\/09\/102Flur-768x1024.jpg\" alt=\"\" class=\"wp-image-1506\" srcset=\"https:\/\/www.pension-duenenhaus.de\/wp-content\/uploads\/2023\/09\/102Flur-768x1024.jpg 768w, https:\/\/www.pension-duenenhaus.de\/wp-content\/uploads\/2023\/09\/102Flur-225x300.jpg 225w, https:\/\/www.pension-duenenhaus.de\/wp-content\/uploads\/2023\/09\/102Flur-1152x1536.jpg 1152w, https:\/\/www.pension-duenenhaus.de\/wp-content\/uploads\/2023\/09\/102Flur-1536x2048.jpg 1536w, https:\/\/www.pension-duenenhaus.de\/wp-content\/uploads\/2023\/09\/102Flur-648x864.jpg 648w, https:\/\/www.pension-duenenhaus.de\/wp-content\/uploads\/2023\/09\/102Flur-144x192.jpg 144w, https:\/\/www.pension-duenenhaus.de\/wp-content\/uploads\/2023\/09\/102Flur-scaled.jpg 1920w\" sizes=\"auto, (max-width: 768px) 100vw, 768px\" \/><figcaption class=\"wp-element-caption\">Flur (Ferienwohnung 102)<\/figcaption><\/figure><\/div>\n\n<div class=\"wp-block-image\">\n<figure class=\"aligncenter\"><img loading=\"lazy\" decoding=\"async\" width=\"654\" height=\"465\" src=\"https:\/\/www.pension-duenenhaus.de\/wp-content\/uploads\/2019\/03\/gr_typ2_Buchstaben.jpg\" alt=\"\" class=\"wp-image-570\" srcset=\"https:\/\/www.pension-duenenhaus.de\/wp-content\/uploads\/2019\/03\/gr_typ2_Buchstaben.jpg 654w, https:\/\/www.pension-duenenhaus.de\/wp-content\/uploads\/2019\/03\/gr_typ2_Buchstaben-300x213.jpg 300w, https:\/\/www.pension-duenenhaus.de\/wp-content\/uploads\/2019\/03\/gr_typ2_Buchstaben-648x461.jpg 648w, https:\/\/www.pension-duenenhaus.de\/wp-content\/uploads\/2019\/03\/gr_typ2_Buchstaben-270x192.jpg 270w\" sizes=\"auto, (max-width: 654px) 100vw, 654px\" \/><figcaption class=\"wp-element-caption\">Grundriss<\/figcaption><\/figure><\/div>\n\n<p><a href=\"https:\/\/www.pension-duenenhaus.de\/?page_id=117\">Zur\u00fcck<\/a><\/p>","protected":false},"excerpt":{"rendered":"<p>Etage 1 &#8211; 65 m\u00b2 f\u00fcr 2 &#8211; 4 Personen Beschreibung Dieses Apartment verf\u00fcgt \u00fcber eine K\u00fcche, ein Wohnzimmer, ein Schlafzimmer mit Doppelbett, ein Schlafzimmer mit zwei Schlasofas, ein Badezimmer mit Dusche sowie zwei Balkonen. Ausstattung Preise pro Tag &nbsp; Zwischensaison Nachsaison Hauptsaison &nbsp; 01.09.25 &#8211; 14.09.25 15.09.25 &#8211; 21.12.25 22.12.25 &#8211; 04.01.26 4 Personen &hellip; <a href=\"https:\/\/www.pension-duenenhaus.de\/?page_id=247\" class=\"more-link\"><span class=\"screen-reader-text\">Ferienwohnung Typ 2 (102)<\/span> weiterlesen<\/a><\/p>\n","protected":false},"author":1,"featured_media":1496,"parent":0,"menu_order":0,"comment_status":"closed","ping_status":"closed","template":"page-templates\/full-width-page.php","meta":{"footnotes":""},"class_list":["post-247","page","type-page","status-publish","has-post-thumbnail","hentry"],"_links":{"self":[{"href":"https:\/\/www.pension-duenenhaus.de\/index.php?rest_route=\/wp\/v2\/pages\/247","targetHints":{"allow":["GET"]}}],"collection":[{"href":"https:\/\/www.pension-duenenhaus.de\/index.php?rest_route=\/wp\/v2\/pages"}],"about":[{"href":"https:\/\/www.pension-duenenhaus.de\/index.php?rest_route=\/wp\/v2\/types\/page"}],"author":[{"embeddable":true,"href":"https:\/\/www.pension-duenenhaus.de\/index.php?rest_route=\/wp\/v2\/users\/1"}],"replies":[{"embeddable":true,"href":"https:\/\/www.pension-duenenhaus.de\/index.php?rest_route=%2Fwp%2Fv2%2Fcomments&post=247"}],"version-history":[{"count":48,"href":"https:\/\/www.pension-duenenhaus.de\/index.php?rest_route=\/wp\/v2\/pages\/247\/revisions"}],"predecessor-version":[{"id":1810,"href":"https:\/\/www.pension-duenenhaus.de\/index.php?rest_route=\/wp\/v2\/pages\/247\/revisions\/1810"}],"wp:featuredmedia":[{"embeddable":true,"href":"https:\/\/www.pension-duenenhaus.de\/index.php?rest_route=\/wp\/v2\/media\/1496"}],"wp:attachment":[{"href":"https:\/\/www.pension-duenenhaus.de\/index.php?rest_route=%2Fwp%2Fv2%2Fmedia&parent=247"}],"curies":[{"name":"wp","href":"https:\/\/api.w.org\/{rel}","templated":true}]}}