{"id":592,"date":"2019-06-03T13:50:14","date_gmt":"2019-06-03T13:50:14","guid":{"rendered":"https:\/\/www.pension-duenenhaus.de\/?page_id=592"},"modified":"2025-08-31T09:47:06","modified_gmt":"2025-08-31T09:47:06","slug":"ferienzimmer-typ-va","status":"publish","type":"page","link":"https:\/\/www.pension-duenenhaus.de\/?page_id=592","title":{"rendered":"Studio Typ 5a"},"content":{"rendered":"\n<p>Etage 2 &#8211; 32 m\u00b2 f\u00fcr 2 Personen<\/p>\n\n\n\n<p><strong>Beschreibung&nbsp;<\/strong><\/p>\n\n\n\n<p>Dieses Studio verf\u00fcgt \u00fcber einen Balkon, eine &#8222;kalte&#8220; K\u00fcche, ein kombiniertes Wohn- und Schlafzimmer sowie ein eigenes Bad mit einer Dusche.<\/p>\n\n\n\n<p><strong>Ausstattung<\/strong><\/p>\n\n\n\n<ul class=\"wp-block-list\">\n<li>Wohn\/Schlafzimmer mit Doppelbett, Tarkettboden, Kommode, Regal, Geschirr, Besteck, Flachbild-TV, Tisch, 2 St\u00fchle<\/li>\n\n\n\n<li>&#8222;kalte&#8220; K\u00fcche mit K\u00fchlschrank, Kaffeemaschine, Wasserkocher, Toaster, Eierkocher, Schrank, Tarkettboden<\/li>\n\n\n\n<li>Badezimmer mit Dusche (Duschvorhang)\/WC, Haartrockner, Toilettenpapier, Handt\u00fccher, Duschvorleger<\/li>\n\n\n\n<li>Balkon mit 1 Tisch, 2 St\u00fchle, W\u00e4schest\u00e4nder<\/li>\n<\/ul>\n\n\n\n<p><strong>Preise pro Tag<\/strong><\/p>\n\n\n\n<div class=\"wp-block-columns is-layout-flex wp-container-core-columns-is-layout-9d6595d7 wp-block-columns-is-layout-flex\">\n<div class=\"wp-block-column is-layout-flow wp-block-column-is-layout-flow\" style=\"flex-basis:100%\">\n<figure class=\"wp-block-table\"><table><tbody><tr><th>&nbsp;<\/th><th>Zwischensaison<\/th><th>Nachsaison<\/th><th>Hauptsaison<\/th><\/tr><tr><th>&nbsp;<\/th><th>01.09.25 \u2013 14.09.25<\/th><th>15.09.25 \u2013 21.12.25<\/th><th>22.12.25 \u2013 04.01.26<\/th><\/tr><tr><th>2 Personen<\/th><th>80\u20ac<\/th><th>70\u20ac<\/th><th>95\u20ac<\/th><\/tr><\/tbody><\/table><\/figure>\n<\/div>\n<\/div>\n\n\n\n<p><strong>Buchungsinformationen<\/strong><\/p>\n\n\n\n<ul class=\"wp-block-list\">\n<li>Check-In ab 14.00 Uhr bis max. 18.00 Uhr, Check-Out bis 11.00 Uhr<\/li>\n\n\n\n<li>Endreinigung 40\u20ac<\/li>\n\n\n\n<li>Kurtaxe 01.01. \u2013 31.03. 3,05\u20ac, 01.04. \u2013 31.10. 3,65\u20ac, 01.11. &#8211; 31.12. 3,25\u20ac; Kinder bis 5 Jahre sind von der Kurabgabe befreit&nbsp;<a href=\"https:\/\/www.amtusedom.de\/wp-content\/uploads\/2024\/12\/Zempin-Kurabgabesatzung-2025-VOe.pdf\" target=\"_blank\" rel=\"noreferrer noopener\">(siehe Kurabgabe Usedomer Bernsteinb\u00e4der, Stand 12\/2024)<\/a><\/li>\n\n\n\n<li>Zahlungsbedingungen: 30% Anzahlung bei Buchung (f\u00e4llig innerhalb 14 Tagen), Restzahlung 70% bei Anreise in bar oder per \u00dcberweisung mind. 14 Tage vor Anreise<\/li>\n<\/ul>\n\n\n<div class=\"wp-block-image\">\n<figure class=\"aligncenter size-large\"><img loading=\"lazy\" decoding=\"async\" width=\"1024\" height=\"768\" src=\"https:\/\/www.pension-duenenhaus.de\/wp-content\/uploads\/2023\/09\/207WZ7-1024x768.jpg\" alt=\"\" class=\"wp-image-1479\" srcset=\"https:\/\/www.pension-duenenhaus.de\/wp-content\/uploads\/2023\/09\/207WZ7-1024x768.jpg 1024w, https:\/\/www.pension-duenenhaus.de\/wp-content\/uploads\/2023\/09\/207WZ7-300x225.jpg 300w, https:\/\/www.pension-duenenhaus.de\/wp-content\/uploads\/2023\/09\/207WZ7-768x576.jpg 768w, https:\/\/www.pension-duenenhaus.de\/wp-content\/uploads\/2023\/09\/207WZ7-1536x1152.jpg 1536w, https:\/\/www.pension-duenenhaus.de\/wp-content\/uploads\/2023\/09\/207WZ7-2048x1536.jpg 2048w, https:\/\/www.pension-duenenhaus.de\/wp-content\/uploads\/2023\/09\/207WZ7-648x486.jpg 648w, https:\/\/www.pension-duenenhaus.de\/wp-content\/uploads\/2023\/09\/207WZ7-256x192.jpg 256w\" sizes=\"auto, (max-width: 1024px) 100vw, 1024px\" \/><figcaption class=\"wp-element-caption\">Wohn\/Schlafzimmer (207)<\/figcaption><\/figure><\/div>\n\n<div class=\"wp-block-image\">\n<figure class=\"aligncenter size-large\"><img loading=\"lazy\" decoding=\"async\" width=\"1024\" height=\"768\" src=\"https:\/\/www.pension-duenenhaus.de\/wp-content\/uploads\/2023\/09\/207WZ6-1-1024x768.jpg\" alt=\"\" class=\"wp-image-1480\" srcset=\"https:\/\/www.pension-duenenhaus.de\/wp-content\/uploads\/2023\/09\/207WZ6-1-1024x768.jpg 1024w, https:\/\/www.pension-duenenhaus.de\/wp-content\/uploads\/2023\/09\/207WZ6-1-300x225.jpg 300w, https:\/\/www.pension-duenenhaus.de\/wp-content\/uploads\/2023\/09\/207WZ6-1-768x576.jpg 768w, https:\/\/www.pension-duenenhaus.de\/wp-content\/uploads\/2023\/09\/207WZ6-1-1536x1152.jpg 1536w, https:\/\/www.pension-duenenhaus.de\/wp-content\/uploads\/2023\/09\/207WZ6-1-2048x1536.jpg 2048w, https:\/\/www.pension-duenenhaus.de\/wp-content\/uploads\/2023\/09\/207WZ6-1-648x486.jpg 648w, https:\/\/www.pension-duenenhaus.de\/wp-content\/uploads\/2023\/09\/207WZ6-1-256x192.jpg 256w\" sizes=\"auto, (max-width: 1024px) 100vw, 1024px\" \/><figcaption class=\"wp-element-caption\">Wohn\/Schlafzimmer (207)<\/figcaption><\/figure><\/div>\n\n<div class=\"wp-block-image\">\n<figure class=\"aligncenter size-large\"><img loading=\"lazy\" decoding=\"async\" width=\"1024\" height=\"768\" src=\"https:\/\/www.pension-duenenhaus.de\/wp-content\/uploads\/2023\/09\/207WZ2-1024x768.jpg\" alt=\"\" class=\"wp-image-1481\" srcset=\"https:\/\/www.pension-duenenhaus.de\/wp-content\/uploads\/2023\/09\/207WZ2-1024x768.jpg 1024w, https:\/\/www.pension-duenenhaus.de\/wp-content\/uploads\/2023\/09\/207WZ2-300x225.jpg 300w, https:\/\/www.pension-duenenhaus.de\/wp-content\/uploads\/2023\/09\/207WZ2-768x576.jpg 768w, https:\/\/www.pension-duenenhaus.de\/wp-content\/uploads\/2023\/09\/207WZ2-1536x1152.jpg 1536w, https:\/\/www.pension-duenenhaus.de\/wp-content\/uploads\/2023\/09\/207WZ2-2048x1536.jpg 2048w, https:\/\/www.pension-duenenhaus.de\/wp-content\/uploads\/2023\/09\/207WZ2-648x486.jpg 648w, https:\/\/www.pension-duenenhaus.de\/wp-content\/uploads\/2023\/09\/207WZ2-256x192.jpg 256w\" sizes=\"auto, (max-width: 1024px) 100vw, 1024px\" \/><figcaption class=\"wp-element-caption\">Wohn\/Schlafzimmer (207)<\/figcaption><\/figure><\/div>\n\n<div class=\"wp-block-image\">\n<figure class=\"aligncenter size-large\"><img loading=\"lazy\" decoding=\"async\" width=\"1024\" height=\"768\" src=\"https:\/\/www.pension-duenenhaus.de\/wp-content\/uploads\/2023\/09\/207WZ5-1024x768.jpg\" alt=\"\" class=\"wp-image-1482\" srcset=\"https:\/\/www.pension-duenenhaus.de\/wp-content\/uploads\/2023\/09\/207WZ5-1024x768.jpg 1024w, https:\/\/www.pension-duenenhaus.de\/wp-content\/uploads\/2023\/09\/207WZ5-300x225.jpg 300w, https:\/\/www.pension-duenenhaus.de\/wp-content\/uploads\/2023\/09\/207WZ5-768x576.jpg 768w, https:\/\/www.pension-duenenhaus.de\/wp-content\/uploads\/2023\/09\/207WZ5-1536x1152.jpg 1536w, https:\/\/www.pension-duenenhaus.de\/wp-content\/uploads\/2023\/09\/207WZ5-2048x1536.jpg 2048w, https:\/\/www.pension-duenenhaus.de\/wp-content\/uploads\/2023\/09\/207WZ5-648x486.jpg 648w, https:\/\/www.pension-duenenhaus.de\/wp-content\/uploads\/2023\/09\/207WZ5-256x192.jpg 256w\" sizes=\"auto, (max-width: 1024px) 100vw, 1024px\" \/><figcaption class=\"wp-element-caption\">Wohn\/Schlafzimmer (207)<\/figcaption><\/figure><\/div>\n\n<div class=\"wp-block-image\">\n<figure class=\"aligncenter size-large\"><img loading=\"lazy\" decoding=\"async\" width=\"1024\" height=\"768\" src=\"https:\/\/www.pension-duenenhaus.de\/wp-content\/uploads\/2023\/09\/207WZ4-1024x768.jpg\" alt=\"\" class=\"wp-image-1483\" srcset=\"https:\/\/www.pension-duenenhaus.de\/wp-content\/uploads\/2023\/09\/207WZ4-1024x768.jpg 1024w, https:\/\/www.pension-duenenhaus.de\/wp-content\/uploads\/2023\/09\/207WZ4-300x225.jpg 300w, https:\/\/www.pension-duenenhaus.de\/wp-content\/uploads\/2023\/09\/207WZ4-768x576.jpg 768w, https:\/\/www.pension-duenenhaus.de\/wp-content\/uploads\/2023\/09\/207WZ4-1536x1152.jpg 1536w, https:\/\/www.pension-duenenhaus.de\/wp-content\/uploads\/2023\/09\/207WZ4-2048x1536.jpg 2048w, https:\/\/www.pension-duenenhaus.de\/wp-content\/uploads\/2023\/09\/207WZ4-648x486.jpg 648w, https:\/\/www.pension-duenenhaus.de\/wp-content\/uploads\/2023\/09\/207WZ4-256x192.jpg 256w\" sizes=\"auto, (max-width: 1024px) 100vw, 1024px\" \/><figcaption class=\"wp-element-caption\">Wohn\/Schlafzimmer (207)<\/figcaption><\/figure><\/div>\n\n<div class=\"wp-block-image\">\n<figure class=\"aligncenter size-large\"><img loading=\"lazy\" decoding=\"async\" width=\"1024\" height=\"768\" src=\"https:\/\/www.pension-duenenhaus.de\/wp-content\/uploads\/2023\/09\/207WZ3-1024x768.jpg\" alt=\"\" class=\"wp-image-1484\" srcset=\"https:\/\/www.pension-duenenhaus.de\/wp-content\/uploads\/2023\/09\/207WZ3-1024x768.jpg 1024w, https:\/\/www.pension-duenenhaus.de\/wp-content\/uploads\/2023\/09\/207WZ3-300x225.jpg 300w, https:\/\/www.pension-duenenhaus.de\/wp-content\/uploads\/2023\/09\/207WZ3-768x576.jpg 768w, https:\/\/www.pension-duenenhaus.de\/wp-content\/uploads\/2023\/09\/207WZ3-1536x1152.jpg 1536w, https:\/\/www.pension-duenenhaus.de\/wp-content\/uploads\/2023\/09\/207WZ3-2048x1536.jpg 2048w, https:\/\/www.pension-duenenhaus.de\/wp-content\/uploads\/2023\/09\/207WZ3-648x486.jpg 648w, https:\/\/www.pension-duenenhaus.de\/wp-content\/uploads\/2023\/09\/207WZ3-256x192.jpg 256w\" sizes=\"auto, (max-width: 1024px) 100vw, 1024px\" \/><figcaption class=\"wp-element-caption\">Wohn\/Schlafzimmer (207)<\/figcaption><\/figure><\/div>\n\n<div class=\"wp-block-image\">\n<figure class=\"aligncenter size-large\"><img loading=\"lazy\" decoding=\"async\" width=\"1024\" height=\"768\" src=\"https:\/\/www.pension-duenenhaus.de\/wp-content\/uploads\/2023\/09\/207Bad-1024x768.jpg\" alt=\"\" class=\"wp-image-1485\" srcset=\"https:\/\/www.pension-duenenhaus.de\/wp-content\/uploads\/2023\/09\/207Bad-1024x768.jpg 1024w, https:\/\/www.pension-duenenhaus.de\/wp-content\/uploads\/2023\/09\/207Bad-300x225.jpg 300w, https:\/\/www.pension-duenenhaus.de\/wp-content\/uploads\/2023\/09\/207Bad-768x576.jpg 768w, https:\/\/www.pension-duenenhaus.de\/wp-content\/uploads\/2023\/09\/207Bad-1536x1152.jpg 1536w, https:\/\/www.pension-duenenhaus.de\/wp-content\/uploads\/2023\/09\/207Bad-2048x1536.jpg 2048w, https:\/\/www.pension-duenenhaus.de\/wp-content\/uploads\/2023\/09\/207Bad-648x486.jpg 648w, https:\/\/www.pension-duenenhaus.de\/wp-content\/uploads\/2023\/09\/207Bad-256x192.jpg 256w\" sizes=\"auto, (max-width: 1024px) 100vw, 1024px\" \/><figcaption class=\"wp-element-caption\">Badezimmer (207)<\/figcaption><\/figure><\/div>\n\n<div class=\"wp-block-image\">\n<figure class=\"aligncenter size-large\"><img loading=\"lazy\" decoding=\"async\" width=\"1024\" height=\"768\" src=\"https:\/\/www.pension-duenenhaus.de\/wp-content\/uploads\/2023\/09\/207K2-1024x768.jpg\" alt=\"\" class=\"wp-image-1486\" srcset=\"https:\/\/www.pension-duenenhaus.de\/wp-content\/uploads\/2023\/09\/207K2-1024x768.jpg 1024w, https:\/\/www.pension-duenenhaus.de\/wp-content\/uploads\/2023\/09\/207K2-300x225.jpg 300w, https:\/\/www.pension-duenenhaus.de\/wp-content\/uploads\/2023\/09\/207K2-768x576.jpg 768w, https:\/\/www.pension-duenenhaus.de\/wp-content\/uploads\/2023\/09\/207K2-1536x1152.jpg 1536w, https:\/\/www.pension-duenenhaus.de\/wp-content\/uploads\/2023\/09\/207K2-2048x1536.jpg 2048w, https:\/\/www.pension-duenenhaus.de\/wp-content\/uploads\/2023\/09\/207K2-648x486.jpg 648w, https:\/\/www.pension-duenenhaus.de\/wp-content\/uploads\/2023\/09\/207K2-256x192.jpg 256w\" sizes=\"auto, (max-width: 1024px) 100vw, 1024px\" \/><figcaption class=\"wp-element-caption\">&#8222;kalte&#8220; K\u00fcche (207)<\/figcaption><\/figure><\/div>\n\n<div class=\"wp-block-image\">\n<figure class=\"aligncenter size-large\"><img loading=\"lazy\" decoding=\"async\" width=\"1024\" height=\"768\" src=\"https:\/\/www.pension-duenenhaus.de\/wp-content\/uploads\/2023\/09\/207K1-1024x768.jpg\" alt=\"\" class=\"wp-image-1487\" srcset=\"https:\/\/www.pension-duenenhaus.de\/wp-content\/uploads\/2023\/09\/207K1-1024x768.jpg 1024w, https:\/\/www.pension-duenenhaus.de\/wp-content\/uploads\/2023\/09\/207K1-300x225.jpg 300w, https:\/\/www.pension-duenenhaus.de\/wp-content\/uploads\/2023\/09\/207K1-768x576.jpg 768w, https:\/\/www.pension-duenenhaus.de\/wp-content\/uploads\/2023\/09\/207K1-1536x1152.jpg 1536w, https:\/\/www.pension-duenenhaus.de\/wp-content\/uploads\/2023\/09\/207K1-2048x1536.jpg 2048w, https:\/\/www.pension-duenenhaus.de\/wp-content\/uploads\/2023\/09\/207K1-648x486.jpg 648w, https:\/\/www.pension-duenenhaus.de\/wp-content\/uploads\/2023\/09\/207K1-256x192.jpg 256w\" sizes=\"auto, (max-width: 1024px) 100vw, 1024px\" \/><figcaption class=\"wp-element-caption\">&#8222;kalte&#8220; K\u00fcche (207)<\/figcaption><\/figure><\/div>\n\n<div class=\"wp-block-image\">\n<figure class=\"aligncenter size-large\"><img loading=\"lazy\" decoding=\"async\" width=\"768\" height=\"1024\" src=\"https:\/\/www.pension-duenenhaus.de\/wp-content\/uploads\/2023\/09\/207Flur-768x1024.jpg\" alt=\"\" class=\"wp-image-1488\" srcset=\"https:\/\/www.pension-duenenhaus.de\/wp-content\/uploads\/2023\/09\/207Flur-768x1024.jpg 768w, https:\/\/www.pension-duenenhaus.de\/wp-content\/uploads\/2023\/09\/207Flur-225x300.jpg 225w, https:\/\/www.pension-duenenhaus.de\/wp-content\/uploads\/2023\/09\/207Flur-1152x1536.jpg 1152w, https:\/\/www.pension-duenenhaus.de\/wp-content\/uploads\/2023\/09\/207Flur-1536x2048.jpg 1536w, https:\/\/www.pension-duenenhaus.de\/wp-content\/uploads\/2023\/09\/207Flur-648x864.jpg 648w, https:\/\/www.pension-duenenhaus.de\/wp-content\/uploads\/2023\/09\/207Flur-144x192.jpg 144w, https:\/\/www.pension-duenenhaus.de\/wp-content\/uploads\/2023\/09\/207Flur-scaled.jpg 1920w\" sizes=\"auto, (max-width: 768px) 100vw, 768px\" \/><figcaption class=\"wp-element-caption\">Flur (207)<\/figcaption><\/figure><\/div>\n\n<div class=\"wp-block-image\">\n<figure class=\"aligncenter size-full\"><img loading=\"lazy\" decoding=\"async\" width=\"1000\" height=\"429\" src=\"https:\/\/www.pension-duenenhaus.de\/wp-content\/uploads\/2023\/12\/gr_typ5a2024_Buchstaben.jpg\" alt=\"\" class=\"wp-image-1588\" srcset=\"https:\/\/www.pension-duenenhaus.de\/wp-content\/uploads\/2023\/12\/gr_typ5a2024_Buchstaben.jpg 1000w, https:\/\/www.pension-duenenhaus.de\/wp-content\/uploads\/2023\/12\/gr_typ5a2024_Buchstaben-300x129.jpg 300w, https:\/\/www.pension-duenenhaus.de\/wp-content\/uploads\/2023\/12\/gr_typ5a2024_Buchstaben-768x329.jpg 768w, https:\/\/www.pension-duenenhaus.de\/wp-content\/uploads\/2023\/12\/gr_typ5a2024_Buchstaben-648x278.jpg 648w, https:\/\/www.pension-duenenhaus.de\/wp-content\/uploads\/2023\/12\/gr_typ5a2024_Buchstaben-448x192.jpg 448w\" sizes=\"auto, (max-width: 1000px) 100vw, 1000px\" \/><figcaption class=\"wp-element-caption\">Grundriss<\/figcaption><\/figure><\/div>\n\n<p><a href=\"https:\/\/www.pension-duenenhaus.de\/?page_id=117\">Zur\u00fcck<\/a><\/p>","protected":false},"excerpt":{"rendered":"<p>Etage 2 &#8211; 32 m\u00b2 f\u00fcr 2 Personen Beschreibung&nbsp; Dieses Studio verf\u00fcgt \u00fcber einen Balkon, eine &#8222;kalte&#8220; K\u00fcche, ein kombiniertes Wohn- und Schlafzimmer sowie ein eigenes Bad mit einer Dusche. Ausstattung Preise pro Tag &nbsp; Zwischensaison Nachsaison Hauptsaison &nbsp; 01.09.25 \u2013 14.09.25 15.09.25 \u2013 21.12.25 22.12.25 \u2013 04.01.26 2 Personen 80\u20ac 70\u20ac 95\u20ac Buchungsinformationen Zur\u00fcck<\/p>\n","protected":false},"author":1,"featured_media":0,"parent":0,"menu_order":0,"comment_status":"closed","ping_status":"closed","template":"page-templates\/full-width-page.php","meta":{"footnotes":""},"class_list":["post-592","page","type-page","status-publish","hentry"],"_links":{"self":[{"href":"https:\/\/www.pension-duenenhaus.de\/index.php?rest_route=\/wp\/v2\/pages\/592","targetHints":{"allow":["GET"]}}],"collection":[{"href":"https:\/\/www.pension-duenenhaus.de\/index.php?rest_route=\/wp\/v2\/pages"}],"about":[{"href":"https:\/\/www.pension-duenenhaus.de\/index.php?rest_route=\/wp\/v2\/types\/page"}],"author":[{"embeddable":true,"href":"https:\/\/www.pension-duenenhaus.de\/index.php?rest_route=\/wp\/v2\/users\/1"}],"replies":[{"embeddable":true,"href":"https:\/\/www.pension-duenenhaus.de\/index.php?rest_route=%2Fwp%2Fv2%2Fcomments&post=592"}],"version-history":[{"count":25,"href":"https:\/\/www.pension-duenenhaus.de\/index.php?rest_route=\/wp\/v2\/pages\/592\/revisions"}],"predecessor-version":[{"id":1813,"href":"https:\/\/www.pension-duenenhaus.de\/index.php?rest_route=\/wp\/v2\/pages\/592\/revisions\/1813"}],"wp:attachment":[{"href":"https:\/\/www.pension-duenenhaus.de\/index.php?rest_route=%2Fwp%2Fv2%2Fmedia&parent=592"}],"curies":[{"name":"wp","href":"https:\/\/api.w.org\/{rel}","templated":true}]}}