{"id":70,"date":"2019-02-12T16:01:32","date_gmt":"2019-02-12T16:01:32","guid":{"rendered":"https:\/\/www.pension-duenenhaus.de\/?page_id=70"},"modified":"2019-03-11T11:00:04","modified_gmt":"2019-03-11T11:00:04","slug":"kontaktformular","status":"publish","type":"page","link":"https:\/\/www.pension-duenenhaus.de\/?page_id=70","title":{"rendered":"Kontaktformular"},"content":{"rendered":"<div style=\"display:none\" class=\"fm-form-container fm-theme1\"><div id=\"fm-pages1\" class=\"fm-pages wdform_page_navigation \" show_title=\"\" show_numbers=\"1\" type=\"none\"><\/div><form name=\"form1\" action=\"\/index.php?rest_route=%2Fwp%2Fv2%2Fpages%2F70\" method=\"post\" id=\"form1\" class=\"fm-form form1  \" enctype=\"multipart\/form-data\"><input type=\"hidden\" id=\"fm_page_id1\" value=\"70\" name=\"fm_page_id1\" \/><input type=\"hidden\" id=\"fm_current_post_type1\" value=\"page\" name=\"fm_current_post_type1\" \/><input type=\"hidden\" id=\"counter1\" value=\"16\" name=\"counter1\" \/><input type=\"hidden\" id=\"Itemid1\" value=\"\" name=\"Itemid1\" \/><input type=\"hidden\" id=\"fm_shake1\" value=\"1\" name=\"fm_shake1\" \/><input type=\"text\" class=\"fm-hide\" id=\"fm_empty_field_validation1\" value=\"\" name=\"fm_empty_field_validation1\" data-value=\"bd736efb144d599cf463541431fbf5c4\" \/><div class=\"fm-header-bg\"><div class=\"fm-header \"><div class=\"fm-header-text\">          <div class=\"fm-header-title\">                      <\/div>          <div class=\"fm-header-description\">            Es ist wichtig, dass jedes Feld ausgef\u00fcllt wird.&nbsp;Bitte schreiben Sie in Ihrer Nachricht, ob Sie einen PKW-Stellplatz ben\u00f6tigen. Wenn Sie telefonisch kontaktiert werden m\u00f6chten, hinterlassen Sie Ihre Telefonnummer.&nbsp;Mit dem Absenden des Kontaktformulars erkl\u00e4ren Sie sich einverstanden, dass Ihre Daten zur Bearbeitung Ihrer Anfrage weiterverwendet werden. Informationen zum Schutz Ihrer Daten finden Sie in der <a href=\"https:\/\/www.pension-duenenhaus.de\/?page_id=59\">Datenschutzerkl\u00e4rung<\/a> bzw. im <a href=\"https:\/\/www.pension-duenenhaus.de\/?page_id=63\">Impressum<\/a>.          <\/div>        <\/div><\/div><\/div><div class=\"wdform-page-and-images fm-form-builder\"><div class=\"wdform_page\" id=\"1form_view1\" page_title=\"Untitled page\" next_title=\"Next\" next_type=\"text\" next_class=\"wdform-page-button\" next_checkable=\"true\" previous_title=\"Previous\" previous_type=\"text\" previous_class=\"wdform-page-button\" previous_checkable=\"false\"><div class=\"wdform_section\"><div class=\"wdform_column\"><div class=\"wdform_row\" wdid=\"2\"><div type=\"type_text\" class=\"wdform-field wd-width-100 wd-flex wd-flex-column fm-type_text\" ><div class=\"wdform-label-section wd-width-100  wd-flex-row wd-align-items-center\">    <label  for=\"wdform_2_element1\" class=\"wdform-label\">Name<\/label><span class=\"wdform-required\">*<\/span><\/div><div class=\"wdform-element-section wd-flex  wd-flex-row wd-align-items-center wd-width-100\" ><input type=\"text\"                           class=\"wd-width-100\"                           id=\"wdform_2_element1\"                           name=\"wdform_2_element1\"                           value=\"\"                           data-value=\"\"                           title=\"\"                           placeholder=\"\"                                                       \/><\/div><\/div><\/div><\/div><div class=\"wdform_column\"><div class=\"wdform_row\" wdid=\"3\"><div type=\"type_submitter_mail\" class=\"wdform-field wd-width-100 wd-flex wd-flex-column fm-type_submitter_mail\" ><div class=\"wdform-label-section wd-width-100  wd-flex-row\">    <label  for=\"wdform_3_element1\" class=\"wdform-label\">Email<\/label><span class=\"wdform-required\">*<\/span><\/div><div class=\"wdform-element-section wd-flex  wd-flex-row wd-width-100\" ><input type=\"text\" class=\"wd-width-100\" id=\"wdform_3_element1\" name=\"wdform_3_element1\" data-value=\"\" value=\"\" title=\"\" placeholder=\"\"   onchange=\"wd_check_email('3', '1', 'Dies ist keine g\u00fcltige E-Mail-Adresse.')\" \/><\/div><\/div><\/div><\/div><div class=\"wdform_column\"><div class=\"wdform_row\" wdid=\"4\"><div type=\"type_text\" class=\"wdform-field wd-width-100 wd-flex wd-flex-column fm-type_text\" ><div class=\"wdform-label-section wd-width-100  wd-flex-row wd-align-items-center\">    <label  for=\"wdform_4_element1\" class=\"wdform-label\">Anfrage Typ Ferienwohnung<\/label><span class=\"wdform-required\">*<\/span><\/div><div class=\"wdform-element-section wd-flex  wd-flex-row wd-align-items-center wd-width-100\" ><input type=\"text\"                           class=\"wd-width-100\"                           id=\"wdform_4_element1\"                           name=\"wdform_4_element1\"                           value=\"\"                           data-value=\"\"                           title=\"\"                           placeholder=\"\"                                                       \/><\/div><\/div><\/div><\/div><div class=\"wdform_column\"><div class=\"wdform_row\" style=\"position: relative; left: 0px; top: 0px;\" wdid=\"6\"><div type=\"type_date_new\" class=\"wdform-field wd-width-100 wd-flex wd-flex-column fm-type_date_new\" ><div class=\"wdform-label-section wd-width-100  wd-flex-row\">    <label  for=\"wdform_6_element1\" class=\"wdform-label\">Anreisedatum<\/label><span class=\"wdform-required\">*<\/span><\/div><div class=\"wdform-element-section wd-flex  wd-flex-row wd-width-100\" ><input class=\"wd-width-100\" autocomplete=\"off\" onchange=\"wd_validate(this)\" data-form-id=\"1\" data-wdid=\"6\" data-valid-type=\"date\" type=\"text\" id=\"wdform_6_element1\" data-value=\"\" value=\"\" name=\"wdform_6_element1\"   \/><span id=\"fm-calendar-6\" class=\"dashicons dashicons-calendar-alt wd-calendar-button wd-hidden\"><\/span><input type=\"hidden\" class=\"hidden_date\" data-format=\"dd\/mm\/yy\" data-min=\"\" data-max=\"\" id=\"wdform_6_button1\" value=\"\" \/><\/div><\/div><\/div><\/div><div class=\"wdform_column\"><div class=\"wdform_row\" style=\"position: relative; left: 0px; top: 0px;\" wdid=\"7\"><div type=\"type_date_new\" class=\"wdform-field wd-width-100 wd-flex wd-flex-column fm-type_date_new\" ><div class=\"wdform-label-section wd-width-100  wd-flex-row\">    <label  for=\"wdform_7_element1\" class=\"wdform-label\">Abreisedatum<\/label><span class=\"wdform-required\">*<\/span><\/div><div class=\"wdform-element-section wd-flex  wd-flex-row wd-width-100\" ><input class=\"wd-width-100\" autocomplete=\"off\" onchange=\"wd_validate(this)\" data-form-id=\"1\" data-wdid=\"7\" data-valid-type=\"date\" type=\"text\" id=\"wdform_7_element1\" data-value=\"\" value=\"\" name=\"wdform_7_element1\"   \/><span id=\"fm-calendar-7\" class=\"dashicons dashicons-calendar-alt wd-calendar-button wd-hidden\"><\/span><input type=\"hidden\" class=\"hidden_date\" data-format=\"dd\/mm\/yy\" data-min=\"\" data-max=\"\" id=\"wdform_7_button1\" value=\"\" \/><\/div><\/div><\/div><\/div><div class=\"wdform_column\"><div class=\"wdform_row\" style=\"position: relative; left: 0px; top: 0px;\" wdid=\"10\"><div type=\"type_address\" class=\"wdform-field wd-width-100 wd-flex wd-flex-column fm-type_address\" ><div class=\"wdform-label-section wd-width-100 wdform_address wd-flex-column\">    <label  for=\"wdform_10_street11\" class=\"wdform-label\">Adresse<\/label><span class=\"wdform-required\">*<\/span><\/div><div class=\"wdform-element-section wd-flex wdform_address wd-flex-column wd-width-100\" ><span class=\"wd-width-100 wd-address\" id=\"wdform_10_address_0\">                <input class=\"wd-width-100 wdform_10_address_0\" type=\"text\" id=\"wdform_10_street11\" name=\"wdform_10_street11\" value=\"\"  \/>                <label for=\"wdform_10_street11\" class=\"mini_label\">Stra\u00dfe<\/label><\/span><span class=\"wd-width-100 wd-address\" id=\"wdform_10_address_1\">                <input class=\"wd-width-100 wdform_10_address_1\" type=\"text\" id=\"wdform_10_street21\" name=\"wdform_11_street21\" value=\"\"  \/>                <label for=\"wdform_10_street21\" class=\"mini_label\"><\/label><\/span><span class=\"wd-width-100 wd-flex wd-flex-row wd-flex-wrap wd-justify-content\"><span class=\"wd-width-49 wd-address\" id=\"wdform_10_address_2\">                <input class=\"wd-width-100 wdform_10_address_2\" type=\"text\" id=\"wdform_10_city1\" name=\"wdform_12_city1\" value=\"\"  \/>                <label for=\"wdform_10_city1\" class=\"mini_label\">Stadt<\/label><\/span><span class=\"wd-width-49 wd-address\" id=\"wdform_10_address_3\">                <input class=\"wd-width-100 wdform_10_address_3\" type=\"text\" id=\"wdform_10_state1\" name=\"wdform_13_state1\" value=\"\"  \/>                <label for=\"wdform_10_state1\" class=\"mini_label\">Bundesland<\/label><\/span><span class=\"wd-width-49 wd-address\" id=\"wdform_10_address_4\">              <input class=\"wd-width-100 wdform_10_address_4\" type=\"text\" id=\"wdform_10_postal1\" name=\"wdform_14_postal1\" value=\"\"  \/>              <label for=\"wdform_10_postal1\" class=\"mini_label\">PLZ<\/label><\/span><span class=\"wd-width-49 wd-address\" id=\"wdform_10_address_5\">              <select class=\"wd-width-100 wdform_10_address_5\"                      type=\"text\"                      id=\"wdform_10_country1\"                      name=\"wdform_15_country1\"                      onchange=\"wd_change_state_input('wdform_10', '1')\"                      ><option value=\"\" selected=\"selected\"><\/option><option value=\"Afghanistan\" >Afghanistan<\/option><option value=\"Albania\" >Albania<\/option><option value=\"Algeria\" >Algeria<\/option><option value=\"Andorra\" >Andorra<\/option><option value=\"Angola\" >Angola<\/option><option value=\"Antigua and Barbuda\" >Antigua and Barbuda<\/option><option value=\"Argentina\" >Argentina<\/option><option value=\"Armenia\" >Armenia<\/option><option value=\"Australia\" >Australia<\/option><option value=\"Austria\" >Austria<\/option><option value=\"Azerbaijan\" >Azerbaijan<\/option><option value=\"Bahamas\" >Bahamas<\/option><option value=\"Bahrain\" >Bahrain<\/option><option value=\"Bangladesh\" >Bangladesh<\/option><option value=\"Barbados\" >Barbados<\/option><option value=\"Belarus\" >Belarus<\/option><option value=\"Belgium\" >Belgium<\/option><option value=\"Belize\" >Belize<\/option><option value=\"Benin\" >Benin<\/option><option value=\"Bhutan\" >Bhutan<\/option><option value=\"Bolivia\" >Bolivia<\/option><option value=\"Bosnia and Herzegovina\" >Bosnia and Herzegovina<\/option><option value=\"Botswana\" >Botswana<\/option><option value=\"Brazil\" >Brazil<\/option><option value=\"Brunei\" >Brunei<\/option><option value=\"Bulgaria\" >Bulgaria<\/option><option value=\"Burkina\" >Burkina Faso<\/option><option value=\"Burundi\" >Burundi<\/option><option value=\"Cambodia\" >Cambodia<\/option><option value=\"Cameroon\" >Cameroon<\/option><option value=\"Canada\" >Canada<\/option><option value=\"Cape Verde\" >Cape Verde<\/option><option value=\"Central African Republic\" >Central African Republic<\/option><option value=\"Chad\" >Chad<\/option><option value=\"Chile\" >Chile<\/option><option value=\"China\" >China<\/option><option value=\"Colombia\" >Colombia<\/option><option value=\"Comoros\" >Comoros<\/option><option value=\"Congo\" >Congo<\/option><option value=\"Congo (Brazzaville)\" >Congo (Brazzaville)<\/option><option value=\"Costa Rica\" >Costa Rica<\/option><option value=\"Cote d&#039;Ivoire\" >Cote d&#039;Ivoire<\/option><option value=\"Croatia\" >Croatia<\/option><option value=\"Cuba\" >Cuba<\/option><option value=\"Curacao\" >Curacao<\/option><option value=\"Cyprus\" >Cyprus<\/option><option value=\"Czech Republic\" >Czech Republic<\/option><option value=\"Denmark\" >Denmark<\/option><option value=\"Djibouti\" >Djibouti<\/option><option value=\"Dominica\" >Dominica<\/option><option value=\"Dominican Republic\" >Dominican Republic<\/option><option value=\"East Timor (Timor Timur\" >East Timor (Timor Timur)<\/option><option value=\"Ecuador\" >Ecuador<\/option><option value=\"Egypt\" >Egypt<\/option><option value=\"El Salvador\" >El Salvador<\/option><option value=\"Equatorial\" >Equatorial Guinea<\/option><option value=\"Eritrea\" >Eritrea<\/option><option value=\"Estonia\" >Estonia<\/option><option value=\"Eswatini\" >Eswatini<\/option><option value=\"Ethiopia\" >Ethiopia<\/option><option value=\"Fiji\" >Fiji<\/option><option value=\"Finland\" >Finland<\/option><option value=\"France\" >France<\/option><option value=\"Gabon\" >Gabon<\/option><option value=\"Gambia, The\" >Gambia, The<\/option><option value=\"Georgia\" >Georgia<\/option><option value=\"Germany\" >Germany<\/option><option value=\"Ghana\" >Ghana<\/option><option value=\"Greece\" >Greece<\/option><option value=\"Grenada\" >Grenada<\/option><option value=\"Guatemala\" >Guatemala<\/option><option value=\"Guinea\" >Guinea<\/option><option value=\"Guinea-Bissau\" >Guinea-Bissau<\/option><option value=\"Guyana\" >Guyana<\/option><option value=\"Haiti\" >Haiti<\/option><option value=\"Honduras\" >Honduras<\/option><option value=\"Hong Kong\" >Hong Kong<\/option><option value=\"Hungary\" >Hungary<\/option><option value=\"Iceland\" >Iceland<\/option><option value=\"India\" >India<\/option><option value=\"Indonesia\" >Indonesia<\/option><option value=\"Iran\" >Iran<\/option><option value=\"Iraq\" >Iraq<\/option><option value=\"Ireland\" >Ireland<\/option><option value=\"Israel\" >Israel<\/option><option value=\"Italy\" >Italy<\/option><option value=\"Jamaica\" >Jamaica<\/option><option value=\"Japan\" >Japan<\/option><option value=\"Jordan\" >Jordan<\/option><option value=\"Kazakhstan\" >Kazakhstan<\/option><option value=\"Kenya\" >Kenya<\/option><option value=\"Kiribati\" >Kiribati<\/option><option value=\"Korea, North\" >Korea, North<\/option><option value=\"Korea, South\" >Korea, South<\/option><option value=\"Kuwait\" >Kuwait<\/option><option value=\"Kyrgyzstan\" >Kyrgyzstan<\/option><option value=\"Laos\" >Laos<\/option><option value=\"Latvia\" >Latvia<\/option><option value=\"Lebanon\" >Lebanon<\/option><option value=\"Lesotho\" >Lesotho<\/option><option value=\"Liberia\" >Liberia<\/option><option value=\"Libya\" >Libya<\/option><option value=\"Liechtenstein\" >Liechtenstein<\/option><option value=\"Lithuania\" >Lithuania<\/option><option value=\"Luxembourg\" >Luxembourg<\/option><option value=\"Madagascar\" >Madagascar<\/option><option value=\"Malawi\" >Malawi<\/option><option value=\"Malaysia\" >Malaysia<\/option><option value=\"Maldives\" >Maldives<\/option><option value=\"Mali\" >Mali<\/option><option value=\"Malta\" >Malta<\/option><option value=\"Marshall Islands\" >Marshall Islands<\/option><option value=\"Mauritania\" >Mauritania<\/option><option value=\"Mauritius\" >Mauritius<\/option><option value=\"Mexico\" >Mexico<\/option><option value=\"Micronesia\" >Micronesia<\/option><option value=\"Moldova\" >Moldova<\/option><option value=\"Monaco\" >Monaco<\/option><option value=\"Mongolia\" >Mongolia<\/option><option value=\"Montenegro\" >Montenegro<\/option><option value=\"Morocco\" >Morocco<\/option><option value=\"Mozambique\" >Mozambique<\/option><option value=\"Myanmar\" >Myanmar<\/option><option value=\"Namibia\" >Namibia<\/option><option value=\"Nauru\" >Nauru<\/option><option value=\"Nepal\" >Nepal<\/option><option value=\"Netherlands\" >Netherlands<\/option><option value=\"New Zealand\" >New Zealand<\/option><option value=\"Nicaragua\" >Nicaragua<\/option><option value=\"Niger\" >Niger<\/option><option value=\"Nigeria\" >Nigeria<\/option><option value=\"North Macedonia\" >North Macedonia<\/option><option value=\"Norway\" >Norway<\/option><option value=\"Oman\" >Oman<\/option><option value=\"Pakistan\" >Pakistan<\/option><option value=\"Palau\" >Palau<\/option><option value=\"Palestine\" >Palestine<\/option><option value=\"Panama\" >Panama<\/option><option value=\"Papua New Guinea\" >Papua New Guinea<\/option><option value=\"Paraguay\" >Paraguay<\/option><option value=\"Peru\" >Peru<\/option><option value=\"Philippines\" >Philippines<\/option><option value=\"Poland\" >Poland<\/option><option value=\"Portugal\" >Portugal<\/option><option value=\"Puerto Rico\" >Puerto Rico<\/option><option value=\"Qatar\" >Qatar<\/option><option value=\"Romania\" >Romania<\/option><option value=\"Russia\" >Russia<\/option><option value=\"Rwanda\" >Rwanda<\/option><option value=\"Saint Kitts and Nevis\" >Saint Kitts and Nevis<\/option><option value=\"Saint Lucia\" >Saint Lucia<\/option><option value=\"Saint Vincent\" >Saint Vincent<\/option><option value=\"Samoa\" >Samoa<\/option><option value=\"San Marino\" >San Marino<\/option><option value=\"Sao Tome and Principe\" >Sao Tome and Principe<\/option><option value=\"Saudi Arabia\" >Saudi Arabia<\/option><option value=\"Senegal\" >Senegal<\/option><option value=\"Serbia\" >Serbia<\/option><option value=\"Seychelles\" >Seychelles<\/option><option value=\"Sierra Leone\" >Sierra Leone<\/option><option value=\"Singapore\" >Singapore<\/option><option value=\"Slovakia\" >Slovakia<\/option><option value=\"Slovenia\" >Slovenia<\/option><option value=\"Solomon Islands\" >Solomon Islands<\/option><option value=\"Somalia\" >Somalia<\/option><option value=\"South Africa\" >South Africa<\/option><option value=\"South Sudan\" >South Sudan<\/option><option value=\"Spain\" >Spain<\/option><option value=\"Sri Lanka\" >Sri Lanka<\/option><option value=\"Sudan\" >Sudan<\/option><option value=\"Suriname\" >Suriname<\/option><option value=\"Sweden\" >Sweden<\/option><option value=\"Switzerland\" >Switzerland<\/option><option value=\"Syria\" >Syria<\/option><option value=\"Taiwan\" >Taiwan<\/option><option value=\"Tajikistan\" >Tajikistan<\/option><option value=\"Tanzania\" >Tanzania<\/option><option value=\"Thailand\" >Thailand<\/option><option value=\"Togo\" >Togo<\/option><option value=\"Tonga\" >Tonga<\/option><option value=\"Trinidad and Tobago\" >Trinidad and Tobago<\/option><option value=\"Tunisia\" >Tunisia<\/option><option value=\"Turkey\" >Turkey<\/option><option value=\"Turkmenistan\" >Turkmenistan<\/option><option value=\"Tuvalu\" >Tuvalu<\/option><option value=\"Uganda\" >Uganda<\/option><option value=\"Ukraine\" >Ukraine<\/option><option value=\"United Arab Emirates\" >United Arab Emirates<\/option><option value=\"United Kingdom\" >United Kingdom<\/option><option value=\"United States\" >United States<\/option><option value=\"Uruguay\" >Uruguay<\/option><option value=\"Uzbekistan\" >Uzbekistan<\/option><option value=\"Vanuatu\" >Vanuatu<\/option><option value=\"Vatican City\" >Vatican City<\/option><option value=\"Venezuela\" >Venezuela<\/option><option value=\"Vietnam\" >Vietnam<\/option><option value=\"Wales\" >Wales<\/option><option value=\"Yemen\" >Yemen<\/option><option value=\"Zambia\" >Zambia<\/option><option value=\"Zimbabwe\" >Zimbabwe<\/option><\/select>              <label for=\"wdform_10_country1\" class=\"mini_label\">Land<\/label><\/span><\/span><\/div><\/div><\/div><\/div><div class=\"wdform_column\"><div class=\"wdform_row\" style=\"position: relative; left: 0px; top: 0px;\" wdid=\"5\"><div type=\"type_textarea\" class=\"wdform-field wd-width-100 wd-flex wd-flex-column fm-type_textarea\" ><div class=\"wdform-label-section wd-width-100 \">    <label  for=\"wdform_5_element1\" class=\"wdform-label\">Ihre Nachricht <\/label><span class=\"wdform-required\">*<\/span><\/div><div class=\"wdform-element-section wd-flex  wd-width-100\" ><textarea class=\"wd-width-100\"                      id=\"wdform_5_element1\"                      name=\"wdform_5_element1\"                      placeholder=\"\"                      data-value=\"\"                      maxlength=\"\"                      style=\"height: 100px;\"                      ><\/textarea><\/div><\/div><\/div><\/div><div class=\"wdform_column\"><div class=\"wdform_row\" wdid=\"1\"><div type=\"type_submit_reset\" class=\"wdform-field wd-width-100 wd-flex wd-flex-column fm-type_submit_reset\" ><div class=\"wdform-element-section wd-flex  wd-flex-row wd-justify-content-left wd-width-100\" ><button  type=\"button\" class=\"button-submit\" onclick=\"fm_submit_form('1');\"  data-ajax=\"0\"><span class=\"fm-submit-loading spinner fm-ico-spinner\"><\/span>Senden<\/button><button  type=\"button\" class=\"button-reset wd-hidden\" onclick=\"fm_reset_form(1);\" >Reset<\/button><\/div><\/div><\/div><\/div><\/div><div class=\"wdform_footer wd-width-100\" valign=\"top\"><div class=\"wd-width-100\"><div class=\"wd-width-100 wd-table\" style=\"padding-top:10px;\"><div class=\"wd-table-group\"><div class=\"wd-table-row\" id=\"1page_nav1\"><\/div><\/div><\/div><\/div><\/div><\/div><\/div><div class=\"wdform_preload\"><\/div><input type=\"hidden\" name=\"fm-current-page\" value=\"https:\/\/www.pension-duenenhaus.de\/index.php?rest_route=%2Fwp%2Fv2%2Fpages%2F70\" \/><\/form><\/div>\n<p><a href=\"https:\/\/www.pension-duenenhaus.de\/?page_id=11\">Zur\u00fcck<\/a><\/p>\n","protected":false},"excerpt":{"rendered":"<p>Zur\u00fcck<\/p>\n","protected":false},"author":1,"featured_media":0,"parent":0,"menu_order":0,"comment_status":"closed","ping_status":"closed","template":"page-templates\/grid-page.php","meta":{"footnotes":""},"class_list":["post-70","page","type-page","status-publish","hentry"],"_links":{"self":[{"href":"https:\/\/www.pension-duenenhaus.de\/index.php?rest_route=\/wp\/v2\/pages\/70","targetHints":{"allow":["GET"]}}],"collection":[{"href":"https:\/\/www.pension-duenenhaus.de\/index.php?rest_route=\/wp\/v2\/pages"}],"about":[{"href":"https:\/\/www.pension-duenenhaus.de\/index.php?rest_route=\/wp\/v2\/types\/page"}],"author":[{"embeddable":true,"href":"https:\/\/www.pension-duenenhaus.de\/index.php?rest_route=\/wp\/v2\/users\/1"}],"replies":[{"embeddable":true,"href":"https:\/\/www.pension-duenenhaus.de\/index.php?rest_route=%2Fwp%2Fv2%2Fcomments&post=70"}],"version-history":[{"count":4,"href":"https:\/\/www.pension-duenenhaus.de\/index.php?rest_route=\/wp\/v2\/pages\/70\/revisions"}],"predecessor-version":[{"id":530,"href":"https:\/\/www.pension-duenenhaus.de\/index.php?rest_route=\/wp\/v2\/pages\/70\/revisions\/530"}],"wp:attachment":[{"href":"https:\/\/www.pension-duenenhaus.de\/index.php?rest_route=%2Fwp%2Fv2%2Fmedia&parent=70"}],"curies":[{"name":"wp","href":"https:\/\/api.w.org\/{rel}","templated":true}]}}